{"id":2212,"date":"2023-12-20T14:05:52","date_gmt":"2023-12-20T14:05:52","guid":{"rendered":"https:\/\/jacquesfrelin.com\/trouver-nos-vins\/"},"modified":"2024-02-08T09:17:56","modified_gmt":"2024-02-08T09:17:56","slug":"trouver-nos-vins","status":"publish","type":"page","link":"https:\/\/www.jacquesfrelin.com\/en\/trouver-nos-vins\/","title":{"rendered":"Find our wines"},"content":{"rendered":"\t\t<div data-elementor-type=\"wp-page\" data-elementor-id=\"2212\" class=\"elementor elementor-2212 elementor-1365\" data-elementor-post-type=\"page\">\n\t\t\t\t<div class=\"elementor-element elementor-element-e3652a2 e-con-full e-flex e-con e-parent\" data-id=\"e3652a2\" data-element_type=\"container\" data-e-type=\"container\">\n\t\t\t\t<div class=\"elementor-element elementor-element-4f9a257 elementor-widget elementor-widget-heading\" data-id=\"4f9a257\" data-element_type=\"widget\" data-e-type=\"widget\" data-widget_type=\"heading.default\">\n\t\t\t\t<div class=\"elementor-widget-container\">\n\t\t\t\t\t<span class=\"elementor-heading-title elementor-size-default\">Sur le web<\/span>\t\t\t\t<\/div>\n\t\t\t\t<\/div>\n\t\t\t\t<div class=\"elementor-element elementor-element-d27bdd9 elementor-widget elementor-widget-heading\" data-id=\"d27bdd9\" data-element_type=\"widget\" data-e-type=\"widget\" data-widget_type=\"heading.default\">\n\t\t\t\t<div class=\"elementor-widget-container\">\n\t\t\t\t\t<h2 class=\"elementor-heading-title elementor-size-default\">A port\u00e9e de clic<\/h2>\t\t\t\t<\/div>\n\t\t\t\t<\/div>\n\t\t\t\t<\/div>\n\t\t<div class=\"elementor-element elementor-element-13ac131 e-con-full e-flex e-con e-parent\" data-id=\"13ac131\" data-element_type=\"container\" data-e-type=\"container\">\n\t\t<div class=\"elementor-element elementor-element-aa332db e-con-full e-flex e-con e-child\" data-id=\"aa332db\" data-element_type=\"container\" data-e-type=\"container\">\n\t\t\t\t<div class=\"elementor-element elementor-element-3c510a7 e-transform elementor-widget elementor-widget-image\" data-id=\"3c510a7\" data-element_type=\"widget\" data-e-type=\"widget\" data-settings=\"{&quot;_transform_translateY_effect_hover&quot;:{&quot;unit&quot;:&quot;px&quot;,&quot;size&quot;:-5,&quot;sizes&quot;:[]},&quot;_transform_translateX_effect_hover&quot;:{&quot;unit&quot;:&quot;px&quot;,&quot;size&quot;:&quot;&quot;,&quot;sizes&quot;:[]},&quot;_transform_translateX_effect_hover_laptop&quot;:{&quot;unit&quot;:&quot;px&quot;,&quot;size&quot;:&quot;&quot;,&quot;sizes&quot;:[]},&quot;_transform_translateX_effect_hover_tablet&quot;:{&quot;unit&quot;:&quot;px&quot;,&quot;size&quot;:&quot;&quot;,&quot;sizes&quot;:[]},&quot;_transform_translateX_effect_hover_mobile&quot;:{&quot;unit&quot;:&quot;px&quot;,&quot;size&quot;:&quot;&quot;,&quot;sizes&quot;:[]},&quot;_transform_translateY_effect_hover_laptop&quot;:{&quot;unit&quot;:&quot;px&quot;,&quot;size&quot;:&quot;&quot;,&quot;sizes&quot;:[]},&quot;_transform_translateY_effect_hover_tablet&quot;:{&quot;unit&quot;:&quot;px&quot;,&quot;size&quot;:&quot;&quot;,&quot;sizes&quot;:[]},&quot;_transform_translateY_effect_hover_mobile&quot;:{&quot;unit&quot;:&quot;px&quot;,&quot;size&quot;:&quot;&quot;,&quot;sizes&quot;:[]}}\" data-widget_type=\"image.default\">\n\t\t\t\t<div class=\"elementor-widget-container\">\n\t\t\t\t\t\t\t\t\t\t\t\t\t\t\t\t<a href=\"https:\/\/fr.ankorstore.com\/brand\/jacques-frelin-vignobles-23374\" target=\"_blank\">\n\t\t\t\t\t\t\t<img fetchpriority=\"high\" decoding=\"async\" width=\"800\" height=\"119\" src=\"https:\/\/www.jacquesfrelin.com\/wp-content\/uploads\/2023\/11\/logo-black.svg\" class=\"attachment-large size-large wp-image-1985\" alt=\"\" \/>\t\t\t\t\t\t\t\t<\/a>\n\t\t\t\t\t\t\t\t\t\t\t\t\t\t\t<\/div>\n\t\t\t\t<\/div>\n\t\t\t\t<\/div>\n\t\t<div class=\"elementor-element elementor-element-3177b39 e-con-full e-flex e-con e-child\" data-id=\"3177b39\" data-element_type=\"container\" data-e-type=\"container\">\n\t\t\t\t<div class=\"elementor-element elementor-element-5cee01f e-transform elementor-widget elementor-widget-image\" data-id=\"5cee01f\" data-element_type=\"widget\" data-e-type=\"widget\" data-settings=\"{&quot;_transform_translateY_effect_hover&quot;:{&quot;unit&quot;:&quot;px&quot;,&quot;size&quot;:-5,&quot;sizes&quot;:[]},&quot;_transform_translateX_effect_hover&quot;:{&quot;unit&quot;:&quot;px&quot;,&quot;size&quot;:&quot;&quot;,&quot;sizes&quot;:[]},&quot;_transform_translateX_effect_hover_laptop&quot;:{&quot;unit&quot;:&quot;px&quot;,&quot;size&quot;:&quot;&quot;,&quot;sizes&quot;:[]},&quot;_transform_translateX_effect_hover_tablet&quot;:{&quot;unit&quot;:&quot;px&quot;,&quot;size&quot;:&quot;&quot;,&quot;sizes&quot;:[]},&quot;_transform_translateX_effect_hover_mobile&quot;:{&quot;unit&quot;:&quot;px&quot;,&quot;size&quot;:&quot;&quot;,&quot;sizes&quot;:[]},&quot;_transform_translateY_effect_hover_laptop&quot;:{&quot;unit&quot;:&quot;px&quot;,&quot;size&quot;:&quot;&quot;,&quot;sizes&quot;:[]},&quot;_transform_translateY_effect_hover_tablet&quot;:{&quot;unit&quot;:&quot;px&quot;,&quot;size&quot;:&quot;&quot;,&quot;sizes&quot;:[]},&quot;_transform_translateY_effect_hover_mobile&quot;:{&quot;unit&quot;:&quot;px&quot;,&quot;size&quot;:&quot;&quot;,&quot;sizes&quot;:[]}}\" data-widget_type=\"image.default\">\n\t\t\t\t<div class=\"elementor-widget-container\">\n\t\t\t\t\t\t\t\t\t\t\t\t\t\t\t\t<a href=\"https:\/\/www.twil.fr\/france\/languedoc-roussillon\/jacques-frelin-terroirs-vivants.html\" target=\"_blank\">\n\t\t\t\t\t\t\t<img decoding=\"async\" width=\"800\" height=\"800\" src=\"https:\/\/www.jacquesfrelin.com\/wp-content\/uploads\/2023\/11\/logo_twil_new.svg\" class=\"attachment-large size-large wp-image-1986\" alt=\"\" \/>\t\t\t\t\t\t\t\t<\/a>\n\t\t\t\t\t\t\t\t\t\t\t\t\t\t\t<\/div>\n\t\t\t\t<\/div>\n\t\t\t\t<\/div>\n\t\t<div class=\"elementor-element elementor-element-8effdd5 e-con-full e-flex e-con e-child\" data-id=\"8effdd5\" data-element_type=\"container\" data-e-type=\"container\">\n\t\t\t\t<div class=\"elementor-element elementor-element-250b983 e-transform elementor-widget elementor-widget-image\" data-id=\"250b983\" data-element_type=\"widget\" data-e-type=\"widget\" data-settings=\"{&quot;_transform_translateY_effect_hover&quot;:{&quot;unit&quot;:&quot;px&quot;,&quot;size&quot;:-5,&quot;sizes&quot;:[]},&quot;_transform_translateX_effect_hover&quot;:{&quot;unit&quot;:&quot;px&quot;,&quot;size&quot;:&quot;&quot;,&quot;sizes&quot;:[]},&quot;_transform_translateX_effect_hover_laptop&quot;:{&quot;unit&quot;:&quot;px&quot;,&quot;size&quot;:&quot;&quot;,&quot;sizes&quot;:[]},&quot;_transform_translateX_effect_hover_tablet&quot;:{&quot;unit&quot;:&quot;px&quot;,&quot;size&quot;:&quot;&quot;,&quot;sizes&quot;:[]},&quot;_transform_translateX_effect_hover_mobile&quot;:{&quot;unit&quot;:&quot;px&quot;,&quot;size&quot;:&quot;&quot;,&quot;sizes&quot;:[]},&quot;_transform_translateY_effect_hover_laptop&quot;:{&quot;unit&quot;:&quot;px&quot;,&quot;size&quot;:&quot;&quot;,&quot;sizes&quot;:[]},&quot;_transform_translateY_effect_hover_tablet&quot;:{&quot;unit&quot;:&quot;px&quot;,&quot;size&quot;:&quot;&quot;,&quot;sizes&quot;:[]},&quot;_transform_translateY_effect_hover_mobile&quot;:{&quot;unit&quot;:&quot;px&quot;,&quot;size&quot;:&quot;&quot;,&quot;sizes&quot;:[]}}\" data-widget_type=\"image.default\">\n\t\t\t\t<div class=\"elementor-widget-container\">\n\t\t\t\t\t\t\t\t\t\t\t\t\t\t\t\t<a href=\"https:\/\/www.belvibio.com\/3145-jacques-frelin\" target=\"_blank\">\n\t\t\t\t\t\t\t<img decoding=\"async\" width=\"482\" height=\"120\" src=\"https:\/\/www.jacquesfrelin.com\/wp-content\/uploads\/2023\/11\/belvibio-logo-1619445106.png\" class=\"attachment-large size-large wp-image-1987\" alt=\"\" srcset=\"https:\/\/www.jacquesfrelin.com\/wp-content\/uploads\/2023\/11\/belvibio-logo-1619445106.png 482w, https:\/\/www.jacquesfrelin.com\/wp-content\/uploads\/2023\/11\/belvibio-logo-1619445106-300x75.png 300w\" sizes=\"(max-width: 482px) 100vw, 482px\" \/>\t\t\t\t\t\t\t\t<\/a>\n\t\t\t\t\t\t\t\t\t\t\t\t\t\t\t<\/div>\n\t\t\t\t<\/div>\n\t\t\t\t<\/div>\n\t\t<div class=\"elementor-element elementor-element-27ddad5 e-con-full e-flex e-con e-child\" data-id=\"27ddad5\" data-element_type=\"container\" data-e-type=\"container\">\n\t\t\t\t<div class=\"elementor-element elementor-element-5965139 e-transform elementor-widget elementor-widget-image\" data-id=\"5965139\" data-element_type=\"widget\" data-e-type=\"widget\" data-settings=\"{&quot;_transform_translateY_effect_hover&quot;:{&quot;unit&quot;:&quot;px&quot;,&quot;size&quot;:-5,&quot;sizes&quot;:[]},&quot;_transform_translateX_effect_hover&quot;:{&quot;unit&quot;:&quot;px&quot;,&quot;size&quot;:&quot;&quot;,&quot;sizes&quot;:[]},&quot;_transform_translateX_effect_hover_laptop&quot;:{&quot;unit&quot;:&quot;px&quot;,&quot;size&quot;:&quot;&quot;,&quot;sizes&quot;:[]},&quot;_transform_translateX_effect_hover_tablet&quot;:{&quot;unit&quot;:&quot;px&quot;,&quot;size&quot;:&quot;&quot;,&quot;sizes&quot;:[]},&quot;_transform_translateX_effect_hover_mobile&quot;:{&quot;unit&quot;:&quot;px&quot;,&quot;size&quot;:&quot;&quot;,&quot;sizes&quot;:[]},&quot;_transform_translateY_effect_hover_laptop&quot;:{&quot;unit&quot;:&quot;px&quot;,&quot;size&quot;:&quot;&quot;,&quot;sizes&quot;:[]},&quot;_transform_translateY_effect_hover_tablet&quot;:{&quot;unit&quot;:&quot;px&quot;,&quot;size&quot;:&quot;&quot;,&quot;sizes&quot;:[]},&quot;_transform_translateY_effect_hover_mobile&quot;:{&quot;unit&quot;:&quot;px&quot;,&quot;size&quot;:&quot;&quot;,&quot;sizes&quot;:[]}}\" data-widget_type=\"image.default\">\n\t\t\t\t<div class=\"elementor-widget-container\">\n\t\t\t\t\t\t\t\t\t\t\t\t\t\t\t\t<a href=\"https:\/\/www.avenuedesvins.fr\/fr\/vignerons-jacques-frelin-vignobles-734.html\" target=\"_blank\">\n\t\t\t\t\t\t\t<img loading=\"lazy\" decoding=\"async\" width=\"346\" height=\"79\" src=\"https:\/\/www.jacquesfrelin.com\/wp-content\/uploads\/2023\/11\/avd-logo-1484044205.png\" class=\"attachment-large size-large wp-image-1988\" alt=\"\" srcset=\"https:\/\/www.jacquesfrelin.com\/wp-content\/uploads\/2023\/11\/avd-logo-1484044205.png 346w, https:\/\/www.jacquesfrelin.com\/wp-content\/uploads\/2023\/11\/avd-logo-1484044205-300x68.png 300w\" sizes=\"(max-width: 346px) 100vw, 346px\" \/>\t\t\t\t\t\t\t\t<\/a>\n\t\t\t\t\t\t\t\t\t\t\t\t\t\t\t<\/div>\n\t\t\t\t<\/div>\n\t\t\t\t<\/div>\n\t\t\t\t<\/div>\n\t\t<div class=\"elementor-element elementor-element-d436467 e-con-full e-flex e-con e-parent\" data-id=\"d436467\" data-element_type=\"container\" data-e-type=\"container\">\n\t\t<div class=\"elementor-element elementor-element-5fe7211 e-con-full e-flex e-con e-child\" data-id=\"5fe7211\" data-element_type=\"container\" data-e-type=\"container\">\n\t\t\t\t<div class=\"elementor-element elementor-element-f0e8bef e-transform elementor-widget elementor-widget-image\" data-id=\"f0e8bef\" data-element_type=\"widget\" data-e-type=\"widget\" data-settings=\"{&quot;_transform_translateY_effect_hover&quot;:{&quot;unit&quot;:&quot;px&quot;,&quot;size&quot;:-5,&quot;sizes&quot;:[]},&quot;_transform_translateX_effect_hover&quot;:{&quot;unit&quot;:&quot;px&quot;,&quot;size&quot;:&quot;&quot;,&quot;sizes&quot;:[]},&quot;_transform_translateX_effect_hover_laptop&quot;:{&quot;unit&quot;:&quot;px&quot;,&quot;size&quot;:&quot;&quot;,&quot;sizes&quot;:[]},&quot;_transform_translateX_effect_hover_tablet&quot;:{&quot;unit&quot;:&quot;px&quot;,&quot;size&quot;:&quot;&quot;,&quot;sizes&quot;:[]},&quot;_transform_translateX_effect_hover_mobile&quot;:{&quot;unit&quot;:&quot;px&quot;,&quot;size&quot;:&quot;&quot;,&quot;sizes&quot;:[]},&quot;_transform_translateY_effect_hover_laptop&quot;:{&quot;unit&quot;:&quot;px&quot;,&quot;size&quot;:&quot;&quot;,&quot;sizes&quot;:[]},&quot;_transform_translateY_effect_hover_tablet&quot;:{&quot;unit&quot;:&quot;px&quot;,&quot;size&quot;:&quot;&quot;,&quot;sizes&quot;:[]},&quot;_transform_translateY_effect_hover_mobile&quot;:{&quot;unit&quot;:&quot;px&quot;,&quot;size&quot;:&quot;&quot;,&quot;sizes&quot;:[]}}\" data-widget_type=\"image.default\">\n\t\t\t\t<div class=\"elementor-widget-container\">\n\t\t\t\t\t\t\t\t\t\t\t\t\t\t\t\t<a href=\"https:\/\/lafourche.fr\/search?query=Jacques+Frelin&#038;q=Jacques+Frelin\" target=\"_blank\">\n\t\t\t\t\t\t\t<img loading=\"lazy\" decoding=\"async\" width=\"800\" height=\"345\" src=\"https:\/\/www.jacquesfrelin.com\/wp-content\/uploads\/2023\/11\/fr.svg\" class=\"attachment-large size-large wp-image-1989\" alt=\"\" \/>\t\t\t\t\t\t\t\t<\/a>\n\t\t\t\t\t\t\t\t\t\t\t\t\t\t\t<\/div>\n\t\t\t\t<\/div>\n\t\t\t\t<\/div>\n\t\t\t\t<\/div>\n\t\t<div class=\"elementor-element elementor-element-8fa11eb e-flex e-con-boxed e-con e-parent\" data-id=\"8fa11eb\" data-element_type=\"container\" data-e-type=\"container\">\n\t\t\t\t\t<div class=\"e-con-inner\">\n\t\t\t\t<div class=\"elementor-element elementor-element-a7abfe0 elementor-widget elementor-widget-heading\" data-id=\"a7abfe0\" data-element_type=\"widget\" data-e-type=\"widget\" data-widget_type=\"heading.default\">\n\t\t\t\t<div class=\"elementor-widget-container\">\n\t\t\t\t\t<p class=\"elementor-heading-title elementor-size-default\">Nos vins sont disponibles dans la majorit\u00e9 des magasins Bio.<\/p>\t\t\t\t<\/div>\n\t\t\t\t<\/div>\n\t\t\t\t\t<\/div>\n\t\t\t\t<\/div>\n\t\t\t\t<\/div>\n\t\t","protected":false},"excerpt":{"rendered":"<p>Une s\u00e9lection de nos vins est accessible en ligne aupr\u00e8s de nos partenaires.<\/p>\n","protected":false},"author":1,"featured_media":2717,"parent":0,"menu_order":0,"comment_status":"closed","ping_status":"closed","template":"","meta":{"inline_featured_image":false,"footnotes":""},"class_list":["post-2212","page","type-page","status-publish","has-post-thumbnail","hentry"],"yoast_head":"<!-- This site is optimized with the Yoast SEO plugin v27.4 - https:\/\/yoast.com\/product\/yoast-seo-wordpress\/ -->\n<title>Find our wines - Jacques Frelin Vignobles<\/title>\n<meta name=\"description\" content=\"Nos vins sont disponibles dans la majorit\u00e9 des magasins bio de France, consultez nos partenaires en ligne, pour les trouver \u00e0 port\u00e9e de clics\" \/>\n<meta name=\"robots\" content=\"index, follow, max-snippet:-1, max-image-preview:large, max-video-preview:-1\" \/>\n<link rel=\"canonical\" href=\"https:\/\/www.jacquesfrelin.com\/en\/trouver-nos-vins\/\" \/>\n<meta property=\"og:locale\" content=\"en_US\" \/>\n<meta property=\"og:type\" content=\"article\" \/>\n<meta property=\"og:title\" content=\"Find our wines - Jacques Frelin Vignobles\" \/>\n<meta property=\"og:description\" content=\"Nos vins sont disponibles dans la majorit\u00e9 des magasins bio de France, consultez nos partenaires en ligne, pour les trouver \u00e0 port\u00e9e de clics\" \/>\n<meta property=\"og:url\" content=\"https:\/\/www.jacquesfrelin.com\/en\/trouver-nos-vins\/\" \/>\n<meta property=\"og:site_name\" content=\"Jacques Frelin Vignobles\" \/>\n<meta property=\"article:modified_time\" content=\"2024-02-08T09:17:56+00:00\" \/>\n<meta property=\"og:image\" content=\"https:\/\/www.jacquesfrelin.com\/wp-content\/uploads\/2024\/03\/banner-site-6.jpg\" \/>\n\t<meta property=\"og:image:width\" content=\"1920\" \/>\n\t<meta property=\"og:image:height\" content=\"800\" \/>\n\t<meta property=\"og:image:type\" content=\"image\/jpeg\" \/>\n<meta name=\"twitter:card\" content=\"summary_large_image\" \/>\n<script type=\"application\/ld+json\" class=\"yoast-schema-graph\">{\"@context\":\"https:\\\/\\\/schema.org\",\"@graph\":[{\"@type\":\"WebPage\",\"@id\":\"https:\\\/\\\/www.jacquesfrelin.com\\\/en\\\/trouver-nos-vins\\\/\",\"url\":\"https:\\\/\\\/www.jacquesfrelin.com\\\/en\\\/trouver-nos-vins\\\/\",\"name\":\"Find our wines - Jacques Frelin Vignobles\",\"isPartOf\":{\"@id\":\"https:\\\/\\\/www.jacquesfrelin.com\\\/en\\\/#website\"},\"primaryImageOfPage\":{\"@id\":\"https:\\\/\\\/www.jacquesfrelin.com\\\/en\\\/trouver-nos-vins\\\/#primaryimage\"},\"image\":{\"@id\":\"https:\\\/\\\/www.jacquesfrelin.com\\\/en\\\/trouver-nos-vins\\\/#primaryimage\"},\"thumbnailUrl\":\"https:\\\/\\\/www.jacquesfrelin.com\\\/wp-content\\\/uploads\\\/2024\\\/03\\\/banner-site-6.jpg\",\"datePublished\":\"2023-12-20T14:05:52+00:00\",\"dateModified\":\"2024-02-08T09:17:56+00:00\",\"description\":\"Nos vins sont disponibles dans la majorit\u00e9 des magasins bio de France, consultez nos partenaires en ligne, pour les trouver \u00e0 port\u00e9e de clics\",\"breadcrumb\":{\"@id\":\"https:\\\/\\\/www.jacquesfrelin.com\\\/en\\\/trouver-nos-vins\\\/#breadcrumb\"},\"inLanguage\":\"en-US\",\"potentialAction\":[{\"@type\":\"ReadAction\",\"target\":[\"https:\\\/\\\/www.jacquesfrelin.com\\\/en\\\/trouver-nos-vins\\\/\"]}]},{\"@type\":\"ImageObject\",\"inLanguage\":\"en-US\",\"@id\":\"https:\\\/\\\/www.jacquesfrelin.com\\\/en\\\/trouver-nos-vins\\\/#primaryimage\",\"url\":\"https:\\\/\\\/www.jacquesfrelin.com\\\/wp-content\\\/uploads\\\/2024\\\/03\\\/banner-site-6.jpg\",\"contentUrl\":\"https:\\\/\\\/www.jacquesfrelin.com\\\/wp-content\\\/uploads\\\/2024\\\/03\\\/banner-site-6.jpg\",\"width\":1920,\"height\":800},{\"@type\":\"BreadcrumbList\",\"@id\":\"https:\\\/\\\/www.jacquesfrelin.com\\\/en\\\/trouver-nos-vins\\\/#breadcrumb\",\"itemListElement\":[{\"@type\":\"ListItem\",\"position\":1,\"name\":\"Accueil\",\"item\":\"https:\\\/\\\/www.jacquesfrelin.com\\\/en\\\/\"},{\"@type\":\"ListItem\",\"position\":2,\"name\":\"Find our wines\"}]},{\"@type\":\"WebSite\",\"@id\":\"https:\\\/\\\/www.jacquesfrelin.com\\\/en\\\/#website\",\"url\":\"https:\\\/\\\/www.jacquesfrelin.com\\\/en\\\/\",\"name\":\"Jacques Frelin Vignobles\",\"description\":\"Cr\u00e9atrices de vins biologiques depuis 1983\",\"publisher\":{\"@id\":\"https:\\\/\\\/www.jacquesfrelin.com\\\/en\\\/#organization\"},\"potentialAction\":[{\"@type\":\"SearchAction\",\"target\":{\"@type\":\"EntryPoint\",\"urlTemplate\":\"https:\\\/\\\/www.jacquesfrelin.com\\\/en\\\/?s={search_term_string}\"},\"query-input\":{\"@type\":\"PropertyValueSpecification\",\"valueRequired\":true,\"valueName\":\"search_term_string\"}}],\"inLanguage\":\"en-US\"},{\"@type\":\"Organization\",\"@id\":\"https:\\\/\\\/www.jacquesfrelin.com\\\/en\\\/#organization\",\"name\":\"Jacques Frelin Vignobles\",\"url\":\"https:\\\/\\\/www.jacquesfrelin.com\\\/en\\\/\",\"logo\":{\"@type\":\"ImageObject\",\"inLanguage\":\"en-US\",\"@id\":\"https:\\\/\\\/www.jacquesfrelin.com\\\/en\\\/#\\\/schema\\\/logo\\\/image\\\/\",\"url\":\"https:\\\/\\\/www.jacquesfrelin.com\\\/wp-content\\\/uploads\\\/2023\\\/11\\\/cropped-logo-jacques-frelin-bleu.png\",\"contentUrl\":\"https:\\\/\\\/www.jacquesfrelin.com\\\/wp-content\\\/uploads\\\/2023\\\/11\\\/cropped-logo-jacques-frelin-bleu.png\",\"width\":790,\"height\":278,\"caption\":\"Jacques Frelin Vignobles\"},\"image\":{\"@id\":\"https:\\\/\\\/www.jacquesfrelin.com\\\/en\\\/#\\\/schema\\\/logo\\\/image\\\/\"}}]}<\/script>\n<!-- \/ Yoast SEO plugin. -->","yoast_head_json":{"title":"Find our wines - Jacques Frelin Vignobles","description":"Nos vins sont disponibles dans la majorit\u00e9 des magasins bio de France, consultez nos partenaires en ligne, pour les trouver \u00e0 port\u00e9e de clics","robots":{"index":"index","follow":"follow","max-snippet":"max-snippet:-1","max-image-preview":"max-image-preview:large","max-video-preview":"max-video-preview:-1"},"canonical":"https:\/\/www.jacquesfrelin.com\/en\/trouver-nos-vins\/","og_locale":"en_US","og_type":"article","og_title":"Find our wines - Jacques Frelin Vignobles","og_description":"Nos vins sont disponibles dans la majorit\u00e9 des magasins bio de France, consultez nos partenaires en ligne, pour les trouver \u00e0 port\u00e9e de clics","og_url":"https:\/\/www.jacquesfrelin.com\/en\/trouver-nos-vins\/","og_site_name":"Jacques Frelin Vignobles","article_modified_time":"2024-02-08T09:17:56+00:00","og_image":[{"width":1920,"height":800,"url":"https:\/\/www.jacquesfrelin.com\/wp-content\/uploads\/2024\/03\/banner-site-6.jpg","type":"image\/jpeg"}],"twitter_card":"summary_large_image","schema":{"@context":"https:\/\/schema.org","@graph":[{"@type":"WebPage","@id":"https:\/\/www.jacquesfrelin.com\/en\/trouver-nos-vins\/","url":"https:\/\/www.jacquesfrelin.com\/en\/trouver-nos-vins\/","name":"Find our wines - Jacques Frelin Vignobles","isPartOf":{"@id":"https:\/\/www.jacquesfrelin.com\/en\/#website"},"primaryImageOfPage":{"@id":"https:\/\/www.jacquesfrelin.com\/en\/trouver-nos-vins\/#primaryimage"},"image":{"@id":"https:\/\/www.jacquesfrelin.com\/en\/trouver-nos-vins\/#primaryimage"},"thumbnailUrl":"https:\/\/www.jacquesfrelin.com\/wp-content\/uploads\/2024\/03\/banner-site-6.jpg","datePublished":"2023-12-20T14:05:52+00:00","dateModified":"2024-02-08T09:17:56+00:00","description":"Nos vins sont disponibles dans la majorit\u00e9 des magasins bio de France, consultez nos partenaires en ligne, pour les trouver \u00e0 port\u00e9e de clics","breadcrumb":{"@id":"https:\/\/www.jacquesfrelin.com\/en\/trouver-nos-vins\/#breadcrumb"},"inLanguage":"en-US","potentialAction":[{"@type":"ReadAction","target":["https:\/\/www.jacquesfrelin.com\/en\/trouver-nos-vins\/"]}]},{"@type":"ImageObject","inLanguage":"en-US","@id":"https:\/\/www.jacquesfrelin.com\/en\/trouver-nos-vins\/#primaryimage","url":"https:\/\/www.jacquesfrelin.com\/wp-content\/uploads\/2024\/03\/banner-site-6.jpg","contentUrl":"https:\/\/www.jacquesfrelin.com\/wp-content\/uploads\/2024\/03\/banner-site-6.jpg","width":1920,"height":800},{"@type":"BreadcrumbList","@id":"https:\/\/www.jacquesfrelin.com\/en\/trouver-nos-vins\/#breadcrumb","itemListElement":[{"@type":"ListItem","position":1,"name":"Accueil","item":"https:\/\/www.jacquesfrelin.com\/en\/"},{"@type":"ListItem","position":2,"name":"Find our wines"}]},{"@type":"WebSite","@id":"https:\/\/www.jacquesfrelin.com\/en\/#website","url":"https:\/\/www.jacquesfrelin.com\/en\/","name":"Jacques Frelin Vignobles","description":"Cr\u00e9atrices de vins biologiques depuis 1983","publisher":{"@id":"https:\/\/www.jacquesfrelin.com\/en\/#organization"},"potentialAction":[{"@type":"SearchAction","target":{"@type":"EntryPoint","urlTemplate":"https:\/\/www.jacquesfrelin.com\/en\/?s={search_term_string}"},"query-input":{"@type":"PropertyValueSpecification","valueRequired":true,"valueName":"search_term_string"}}],"inLanguage":"en-US"},{"@type":"Organization","@id":"https:\/\/www.jacquesfrelin.com\/en\/#organization","name":"Jacques Frelin Vignobles","url":"https:\/\/www.jacquesfrelin.com\/en\/","logo":{"@type":"ImageObject","inLanguage":"en-US","@id":"https:\/\/www.jacquesfrelin.com\/en\/#\/schema\/logo\/image\/","url":"https:\/\/www.jacquesfrelin.com\/wp-content\/uploads\/2023\/11\/cropped-logo-jacques-frelin-bleu.png","contentUrl":"https:\/\/www.jacquesfrelin.com\/wp-content\/uploads\/2023\/11\/cropped-logo-jacques-frelin-bleu.png","width":790,"height":278,"caption":"Jacques Frelin Vignobles"},"image":{"@id":"https:\/\/www.jacquesfrelin.com\/en\/#\/schema\/logo\/image\/"}}]}},"_links":{"self":[{"href":"https:\/\/www.jacquesfrelin.com\/en\/wp-json\/wp\/v2\/pages\/2212","targetHints":{"allow":["GET"]}}],"collection":[{"href":"https:\/\/www.jacquesfrelin.com\/en\/wp-json\/wp\/v2\/pages"}],"about":[{"href":"https:\/\/www.jacquesfrelin.com\/en\/wp-json\/wp\/v2\/types\/page"}],"author":[{"embeddable":true,"href":"https:\/\/www.jacquesfrelin.com\/en\/wp-json\/wp\/v2\/users\/1"}],"replies":[{"embeddable":true,"href":"https:\/\/www.jacquesfrelin.com\/en\/wp-json\/wp\/v2\/comments?post=2212"}],"version-history":[{"count":9,"href":"https:\/\/www.jacquesfrelin.com\/en\/wp-json\/wp\/v2\/pages\/2212\/revisions"}],"predecessor-version":[{"id":2386,"href":"https:\/\/www.jacquesfrelin.com\/en\/wp-json\/wp\/v2\/pages\/2212\/revisions\/2386"}],"wp:featuredmedia":[{"embeddable":true,"href":"https:\/\/www.jacquesfrelin.com\/en\/wp-json\/wp\/v2\/media\/2717"}],"wp:attachment":[{"href":"https:\/\/www.jacquesfrelin.com\/en\/wp-json\/wp\/v2\/media?parent=2212"}],"curies":[{"name":"wp","href":"https:\/\/api.w.org\/{rel}","templated":true}]}}